{"id":8,"date":"2019-02-22T09:13:54","date_gmt":"2019-02-22T08:13:54","guid":{"rendered":"http:\/\/svkmo.s0.net-wings.cz\/?page_id=8"},"modified":"2024-10-01T15:39:36","modified_gmt":"2024-10-01T13:39:36","slug":"kontakty","status":"publish","type":"page","link":"https:\/\/www.svkmo.cz\/index.php\/kontakty\/","title":{"rendered":"Kontakty"},"content":{"rendered":"\r\n<p style=\"text-align: center;\"><strong><img decoding=\"async\" loading=\"lazy\" class=\"size-medium wp-image-469 aligncenter\" src=\"https:\/\/www.svkmo.cz\/wp-content\/uploads\/2020\/08\/kontakty-300x164.jpg\" alt=\"\" width=\"300\" height=\"164\" srcset=\"https:\/\/www.svkmo.cz\/wp-content\/uploads\/2020\/08\/kontakty-300x164.jpg 300w, https:\/\/www.svkmo.cz\/wp-content\/uploads\/2020\/08\/kontakty.jpg 303w\" sizes=\"(max-width: 300px) 100vw, 300px\" \/><\/strong><\/p>\r\n<p>&nbsp;<\/p>\r\n<p style=\"text-align: center;\"><strong>Svaz VKMO s.r.o.<\/strong><br>se s\u00eddlem Sob\u011b\u0161ick\u00e1 156, 638 00 Brno<br>\u010cesk\u00e1 republika<br>I\u010c: 25572245<\/p>\r\n<p style=\"text-align: center;\"><strong><a href=\"https:\/\/www.svkmo.cz\/\">www.svkmo.cz<\/a><\/strong><\/p>\r\n<p style=\"text-align: center;\">Datov\u00e1 schr\u00e1nka &#8211; <span class=\"light _ngcontent-zyx-18\">ID schr\u00e1nky:<\/span><br class=\"_ngcontent-zyx-18\"><strong class=\"_ngcontent-zyx-18\">9hf5jha<\/strong><\/p>\r\n<p style=\"text-align: center;\"><strong><a href=\"https:\/\/or.justice.cz\/ias\/ui\/rejstrik-firma.vysledky?subjektId=40141&amp;typ=PLATNY\" target=\"_blank\" rel=\"noreferrer noopener\">V\u00fdpis z obchodn\u00edho rejst\u0159\u00edku<\/a><\/strong><br>Z\u00e1pis v obchodn\u00edm rejst\u0159\u00edku: Krajsk\u00fd soud v Brn\u011b, odd\u00edl C, vlo\u017eka 34545<\/p>\r\n\r\n\r\n\r\n\r\n\r\n<p style=\"text-align: center;\"><strong>Prokurista &#8211; Ing. Lubom\u00edr Gloc<\/strong><\/p>\r\n<p style=\"text-align: center;\">Email: <a href=\"mailto:gloc@svkmo.cz\">gloc@svkmo.cz<\/a><br>Tel: +420 602 768 557 \/ +420 545 532 375<\/p>\r\n<p style=\"text-align: center;\"><strong>Asistentka &#8211; \u0160\u00e1rka Rybansk\u00e1<\/strong><\/p>\r\n<p style=\"text-align: center;\">Email: <a href=\"mailto:truhlarova@svkmo.cz\">rybanska@svkmo.cz<\/a><br>Tel: +420 605 125 608 \/ +420 545 532 336<\/p>\r\n<p>&nbsp;<\/p>\r\n<p style=\"text-align: center;\"><strong>&nbsp;<\/strong><\/p>\r\n<p>&nbsp;<\/p>\r\n","protected":false},"excerpt":{"rendered":"<p>&nbsp; Svaz VKMO s.r.o.se s\u00eddlem Sob\u011b\u0161ick\u00e1 156, 638 00 Brno\u010cesk\u00e1 republikaI\u010c: 25572245 www.svkmo.cz Datov\u00e1 schr\u00e1nka &#8211; ID schr\u00e1nky:9hf5jha V\u00fdpis z &hellip; <\/p>\n","protected":false},"author":1,"featured_media":0,"parent":0,"menu_order":0,"comment_status":"closed","ping_status":"closed","template":"","meta":{"ngg_post_thumbnail":0,"footnotes":""},"_links":{"self":[{"href":"https:\/\/www.svkmo.cz\/index.php\/wp-json\/wp\/v2\/pages\/8"}],"collection":[{"href":"https:\/\/www.svkmo.cz\/index.php\/wp-json\/wp\/v2\/pages"}],"about":[{"href":"https:\/\/www.svkmo.cz\/index.php\/wp-json\/wp\/v2\/types\/page"}],"author":[{"embeddable":true,"href":"https:\/\/www.svkmo.cz\/index.php\/wp-json\/wp\/v2\/users\/1"}],"replies":[{"embeddable":true,"href":"https:\/\/www.svkmo.cz\/index.php\/wp-json\/wp\/v2\/comments?post=8"}],"version-history":[{"count":24,"href":"https:\/\/www.svkmo.cz\/index.php\/wp-json\/wp\/v2\/pages\/8\/revisions"}],"predecessor-version":[{"id":727,"href":"https:\/\/www.svkmo.cz\/index.php\/wp-json\/wp\/v2\/pages\/8\/revisions\/727"}],"wp:attachment":[{"href":"https:\/\/www.svkmo.cz\/index.php\/wp-json\/wp\/v2\/media?parent=8"}],"curies":[{"name":"wp","href":"https:\/\/api.w.org\/{rel}","templated":true}]}}