{"id":44,"date":"2019-02-22T09:58:43","date_gmt":"2019-02-22T08:58:43","guid":{"rendered":"http:\/\/svkmo.s0.net-wings.cz\/?page_id=44"},"modified":"2019-02-22T16:11:52","modified_gmt":"2019-02-22T15:11:52","slug":"dilci-projekt-c-region-jihlavsko","status":"publish","type":"page","link":"https:\/\/www.svkmo.cz\/index.php\/dilci-projekt-c-region-jihlavsko\/","title":{"rendered":"D\u00edl\u010d\u00ed projekt C \u2013 region Jihlavsko"},"content":{"rendered":"<p>Stavba 12: Kanalizace Tel\u010d<\/p>\n<h2>Popis projektu:<\/h2>\n<p>V r\u00e1mci realizace d\u00edl\u010d\u00edho projektu bylo vybudov\u00e1no 2,6 km kanalizace a 0,5 km vodovodu<\/p>\n<p><!-- default-view.php -->\n<div\n\tclass=\"ngg-galleryoverview default-view \"\n\tid=\"ngg-gallery-5dc534f2076ac7ad5bb12217871adebf-1\">\n\n\t\t<!-- Thumbnails -->\n\t\t\t\t<div id=\"ngg-image-0\" class=\"ngg-gallery-thumbnail-box \" >\n\t\t\t\t        <div class=\"ngg-gallery-thumbnail\">\n            <a href=\"https:\/\/www.svkmo.cz\/wp-content\/gallery\/projekt-c\/C-Kanalizace-Telc-novy-stav.jpg\"\n               title=\"\"\n               data-src=\"https:\/\/www.svkmo.cz\/wp-content\/gallery\/projekt-c\/C-Kanalizace-Telc-novy-stav.jpg\"\n               data-thumbnail=\"https:\/\/www.svkmo.cz\/wp-content\/gallery\/projekt-c\/thumbs\/thumbs_C-Kanalizace-Telc-novy-stav.jpg\"\n               data-image-id=\"9\"\n               data-title=\"Kanalizace Tel\u010d - nov\u00fd stav\"\n               data-description=\"\"\n               data-image-slug=\"c-kanalizace-telc-novy-stav\"\n               class=\"ngg-simplelightbox\" rel=\"5dc534f2076ac7ad5bb12217871adebf\">\n                <img\n                    title=\"Kanalizace Tel\u010d - nov\u00fd stav\"\n                    alt=\"Kanalizace Tel\u010d - nov\u00fd stav\"\n                    src=\"https:\/\/www.svkmo.cz\/wp-content\/gallery\/projekt-c\/thumbs\/thumbs_C-Kanalizace-Telc-novy-stav.jpg\"\n                    width=\"240\"\n                    height=\"160\"\n                    style=\"max-width:100%;\"\n                \/>\n            <\/a>\n        <\/div>\n\t\t\t\t\t\t\t<\/div> \n\t\t\t\n\t\t\t\t<div id=\"ngg-image-1\" class=\"ngg-gallery-thumbnail-box \" >\n\t\t\t\t        <div class=\"ngg-gallery-thumbnail\">\n            <a href=\"https:\/\/www.svkmo.cz\/wp-content\/gallery\/projekt-c\/C-Kanalizace-Telc-puvodni-stav.JPG\"\n               title=\"\"\n               data-src=\"https:\/\/www.svkmo.cz\/wp-content\/gallery\/projekt-c\/C-Kanalizace-Telc-puvodni-stav.JPG\"\n               data-thumbnail=\"https:\/\/www.svkmo.cz\/wp-content\/gallery\/projekt-c\/thumbs\/thumbs_C-Kanalizace-Telc-puvodni-stav.JPG\"\n               data-image-id=\"10\"\n               data-title=\"C-Kanalizace-Telc-puvodni-stav\"\n               data-description=\"\"\n               data-image-slug=\"c-kanalizace-telc-puvodni-stav\"\n               class=\"ngg-simplelightbox\" rel=\"5dc534f2076ac7ad5bb12217871adebf\">\n                <img\n                    title=\"C-Kanalizace-Telc-puvodni-stav\"\n                    alt=\"C-Kanalizace-Telc-puvodni-stav\"\n                    src=\"https:\/\/www.svkmo.cz\/wp-content\/gallery\/projekt-c\/thumbs\/thumbs_C-Kanalizace-Telc-puvodni-stav.JPG\"\n                    width=\"240\"\n                    height=\"160\"\n                    style=\"max-width:100%;\"\n                \/>\n            <\/a>\n        <\/div>\n\t\t\t\t\t\t\t<\/div> \n\t\t\t\n\t\n\t<br style=\"clear: both\" \/>\n\n\t\n\t\t<!-- Pagination -->\n\t<div class='ngg-clear'><\/div>\t<\/div>\n<img decoding=\"async\" loading=\"lazy\" class=\"alignnone size-full wp-image-22\" src=\"http:\/\/svkmo.s0.net-wings.cz\/wp-content\/uploads\/2019\/02\/opzp_eu.png\" alt=\"\" width=\"620\" height=\"66\" srcset=\"https:\/\/www.svkmo.cz\/wp-content\/uploads\/2019\/02\/opzp_eu.png 620w, https:\/\/www.svkmo.cz\/wp-content\/uploads\/2019\/02\/opzp_eu-300x32.png 300w\" sizes=\"(max-width: 620px) 100vw, 620px\" \/><\/p>\n","protected":false},"excerpt":{"rendered":"<p>Stavba 12: Kanalizace Tel\u010d Popis projektu: V r\u00e1mci realizace d\u00edl\u010d\u00edho projektu bylo vybudov\u00e1no 2,6 km kanalizace a 0,5 km vodovodu<\/p>\n","protected":false},"author":1,"featured_media":0,"parent":0,"menu_order":0,"comment_status":"closed","ping_status":"closed","template":"","meta":{"ngg_post_thumbnail":0,"footnotes":""},"_links":{"self":[{"href":"https:\/\/www.svkmo.cz\/index.php\/wp-json\/wp\/v2\/pages\/44"}],"collection":[{"href":"https:\/\/www.svkmo.cz\/index.php\/wp-json\/wp\/v2\/pages"}],"about":[{"href":"https:\/\/www.svkmo.cz\/index.php\/wp-json\/wp\/v2\/types\/page"}],"author":[{"embeddable":true,"href":"https:\/\/www.svkmo.cz\/index.php\/wp-json\/wp\/v2\/users\/1"}],"replies":[{"embeddable":true,"href":"https:\/\/www.svkmo.cz\/index.php\/wp-json\/wp\/v2\/comments?post=44"}],"version-history":[{"count":3,"href":"https:\/\/www.svkmo.cz\/index.php\/wp-json\/wp\/v2\/pages\/44\/revisions"}],"predecessor-version":[{"id":132,"href":"https:\/\/www.svkmo.cz\/index.php\/wp-json\/wp\/v2\/pages\/44\/revisions\/132"}],"wp:attachment":[{"href":"https:\/\/www.svkmo.cz\/index.php\/wp-json\/wp\/v2\/media?parent=44"}],"curies":[{"name":"wp","href":"https:\/\/api.w.org\/{rel}","templated":true}]}}