{"id":38,"date":"2019-02-22T09:56:22","date_gmt":"2019-02-22T08:56:22","guid":{"rendered":"http:\/\/svkmo.s0.net-wings.cz\/?page_id=38"},"modified":"2019-02-22T09:56:22","modified_gmt":"2019-02-22T08:56:22","slug":"projekty","status":"publish","type":"page","link":"https:\/\/www.svkmo.cz\/index.php\/projekty\/","title":{"rendered":"Projekty"},"content":{"rendered":"<p><a href=\"https:\/\/web.archive.org\/web\/20170323070717\/https:\/\/www.svkmo.cz\/?subweb=articlescat&amp;acid=34\">Projekt &#8222;Ochrana vod povod\u00ed \u0159eky Dyje&#8220;<\/a><br \/>\n<a href=\"https:\/\/web.archive.org\/web\/20170323070717\/https:\/\/www.svkmo.cz\/?subweb=articlescat&amp;acid=35\">&#8222;Projekt ochrany vod povod\u00ed \u0159eky Dyje \u2013 II. etapa\u201c<\/a><br \/>\n<a href=\"https:\/\/web.archive.org\/web\/20170323070717\/https:\/\/www.svkmo.cz\/?subweb=articlescat&amp;acid=36\">&#8222;Projekt ochrany vod povod\u00ed \u0159eky Dyje \u2013 II. etapa\u201c &#8211; podpis<\/a><\/p>\n<p>SF\u017dP \u010cR schv\u00e1lil v listopadu 2016 z\u00e1v\u011bre\u010dnou zpr\u00e1vu &#8222;Projektu ochrany povod\u00ed \u0159eky Dyje &#8211; II. etapa&#8220;, \u010d\u00edm\u017e byl projekt definitivn\u011b ukon\u010den.<\/p>\n<p><img decoding=\"async\" loading=\"lazy\" class=\"alignnone wp-image-22 size-full\" src=\"http:\/\/svkmo.s0.net-wings.cz\/wp-content\/uploads\/2019\/02\/opzp_eu.png\" alt=\"\" width=\"620\" height=\"66\" srcset=\"https:\/\/www.svkmo.cz\/wp-content\/uploads\/2019\/02\/opzp_eu.png 620w, https:\/\/www.svkmo.cz\/wp-content\/uploads\/2019\/02\/opzp_eu-300x32.png 300w\" sizes=\"(max-width: 620px) 100vw, 620px\" \/><\/p>\n","protected":false},"excerpt":{"rendered":"<p>Projekt &#8222;Ochrana vod povod\u00ed \u0159eky Dyje&#8220; &#8222;Projekt ochrany vod povod\u00ed \u0159eky Dyje \u2013 II. etapa\u201c &#8222;Projekt ochrany vod povod\u00ed \u0159eky &hellip; <\/p>\n","protected":false},"author":1,"featured_media":0,"parent":0,"menu_order":0,"comment_status":"closed","ping_status":"closed","template":"","meta":{"ngg_post_thumbnail":0,"footnotes":""},"_links":{"self":[{"href":"https:\/\/www.svkmo.cz\/index.php\/wp-json\/wp\/v2\/pages\/38"}],"collection":[{"href":"https:\/\/www.svkmo.cz\/index.php\/wp-json\/wp\/v2\/pages"}],"about":[{"href":"https:\/\/www.svkmo.cz\/index.php\/wp-json\/wp\/v2\/types\/page"}],"author":[{"embeddable":true,"href":"https:\/\/www.svkmo.cz\/index.php\/wp-json\/wp\/v2\/users\/1"}],"replies":[{"embeddable":true,"href":"https:\/\/www.svkmo.cz\/index.php\/wp-json\/wp\/v2\/comments?post=38"}],"version-history":[{"count":1,"href":"https:\/\/www.svkmo.cz\/index.php\/wp-json\/wp\/v2\/pages\/38\/revisions"}],"predecessor-version":[{"id":39,"href":"https:\/\/www.svkmo.cz\/index.php\/wp-json\/wp\/v2\/pages\/38\/revisions\/39"}],"wp:attachment":[{"href":"https:\/\/www.svkmo.cz\/index.php\/wp-json\/wp\/v2\/media?parent=38"}],"curies":[{"name":"wp","href":"https:\/\/api.w.org\/{rel}","templated":true}]}}