{"id":379,"date":"2020-08-27T13:55:20","date_gmt":"2020-08-27T11:55:20","guid":{"rendered":"https:\/\/www.svkmo.cz\/?page_id=379"},"modified":"2023-12-13T13:02:41","modified_gmt":"2023-12-13T12:02:41","slug":"organy-spolecnosti","status":"publish","type":"page","link":"https:\/\/www.svkmo.cz\/index.php\/o-spolecnosti\/organy-spolecnosti\/","title":{"rendered":"Org\u00e1ny spole\u010dnosti"},"content":{"rendered":"<div class=\"aunp-udajPanel\">\n<div class=\"div-table\">\n<div class=\"div-row\">\n<div class=\"div-cell w45mm\">\n<div class=\"vr-hlavicka\"><span class=\"nounderline\"><strong>Statut\u00e1rn\u00ed org\u00e1n: jednatel\u00e9 <\/strong><br \/>\n<\/span><\/div>\n<div>(po\u010det \u010dlen\u016f 6)<\/div>\n<\/div>\n<\/div>\n<\/div>\n<\/div>\n<div class=\"vr-child\">\n<div class=\"aunp-content\">\n<div class=\"aunp-udajPanel\">\n<div class=\"div-table\">\n<div class=\"div-row\">\n<div class=\"div-cell\">\n<div>\n<div>\n<div>IVO ROHOVSK\u00dd<\/div>\n<\/div>\n<div>Den vzniku funkce: 19. \u010dervna 2003<\/div>\n<\/div>\n<\/div>\n<\/div>\n<\/div>\n<\/div>\n<\/div>\n<\/div>\n<div class=\"vr-child\">\n<div class=\"aunp-content\">\n<div class=\"aunp-udajPanel\">\n<div class=\"div-table\">\n<div class=\"div-row\">\n<div class=\"div-cell\">\n<div>\n<div>\n<div>Ing. JI\u0158\u00cd CRHA<\/div>\n<\/div>\n<div>Den vzniku funkce: 9. \u010dervna 2011<\/div>\n<\/div>\n<\/div>\n<\/div>\n<\/div>\n<\/div>\n<\/div>\n<\/div>\n<div class=\"vr-child\">\n<div class=\"aunp-content\">\n<div class=\"aunp-udajPanel\">\n<div class=\"div-table\">\n<div class=\"div-row\">\n<div class=\"div-cell\">\n<div>\n<div>\n<div>Ing. PAVEL JANATA<\/div>\n<\/div>\n<div>Den vzniku funkce: 28. kv\u011btna 2015<\/div>\n<\/div>\n<\/div>\n<\/div>\n<\/div>\n<\/div>\n<\/div>\n<\/div>\n<div class=\"vr-child\">\n<div class=\"aunp-content\">\n<div class=\"aunp-udajPanel\">\n<div class=\"div-table\">\n<div class=\"div-row\">\n<div class=\"div-cell\">\n<div>\n<div>\n<div>Mgr. ROMAN FABE\u0160<\/div>\n<\/div>\n<div>Den vzniku funkce: 27. kv\u011btna 2021<\/div>\n<\/div>\n<\/div>\n<\/div>\n<\/div>\n<\/div>\n<\/div>\n<\/div>\n<div class=\"vr-child\">\n<div class=\"aunp-content\">\n<div class=\"aunp-udajPanel\">\n<div class=\"div-table\">\n<div class=\"div-row\">\n<div class=\"div-cell\">\n<div>\n<div>\n<div>Ing. Kamil Ferda<\/div>\n<\/div>\n<div>Den vzniku funkce: 16. b\u0159ezna 2023<\/div>\n<\/div>\n<\/div>\n<\/div>\n<\/div>\n<\/div>\n<\/div>\n<\/div>\n<div class=\"vr-child\">\n<div class=\"aunp-content\">\n<div class=\"aunp-udajPanel\">\n<div class=\"div-table\">\n<div class=\"div-row\">\n<div class=\"div-cell\">\n<div>\n<div>\n<div>Ing. Barbora Arndt<\/div>\n<\/div>\n<div>Den vzniku funkce: 16. b\u0159ezna 2023<\/div>\n<\/div>\n<\/div>\n<\/div>\n<\/div>\n<\/div>\n<\/div>\n<\/div>\n<div>&nbsp;<\/div>\n<div>\n<div class=\"aunp-udajPanel\">\n<div class=\"div-table\">\n<div class=\"div-row\">\n<div class=\"div-cell w45mm\">\n<div class=\"vr-hlavicka\"><strong><span class=\"nounderline\">Prokura:<\/span><\/strong><\/div>\n<\/div>\n<\/div>\n<\/div>\n<\/div>\n<div class=\"vr-child\">\n<div class=\"aunp-content\">\n<div class=\"aunp-udajPanel\">\n<div class=\"div-table\">\n<div class=\"div-row\">\n<div class=\"div-cell\">\n<div>Ing. LUBOM\u00cdR GLOC<\/div>\n<div>Den vzniku funkce: 1. leden 2023<\/div>\n<\/div>\n<\/div>\n<\/div>\n<\/div>\n<\/div>\n<\/div>\n<\/div>\n<div>&nbsp;<\/div>\n<div>\n<div class=\"aunp-udajPanel\">\n<div class=\"div-table\">\n<div class=\"div-row\">\n<div class=\"vr-hlavicka\"><strong><span class=\"nounderline\"><span class=\"nounderline\">Dozor\u010d\u00ed rada: <\/span><\/span><span class=\"nounderline\">\u010dlenov\u00e9 dozor\u010d\u00ed rady<\/span><\/strong><\/div>\n<div>(po\u010det \u010dlen\u016f 10)<\/div>\n<\/div>\n<div>Karel Klein<\/div>\n<div class=\"div-row\">Den vzniku \u010dlenstv\u00ed: 16. b\u0159ezna 2023<\/div>\n<div class=\"div-row\">MgA. PETRA BENDOV\u00c1<\/div>\n<div class=\"div-row\">Den vzniku \u010dlenstv\u00ed: 16. b\u0159ezna 2023<\/div>\n<div class=\"div-row\">Ing. MARIE KOUSALOV\u00c1<\/div>\n<div class=\"div-row\">Den vzniku \u010dlenstv\u00ed: 16. b\u0159ezna 2023<\/div>\n<div class=\"div-row\">Ing. JOSEF KULA<\/div>\n<div class=\"div-row\">Den vzniku \u010dlenstv\u00ed: 16. b\u0159ezna 2023<\/div>\n<div class=\"div-row\">Ing. ARNO\u0160T JUDA<\/div>\n<div class=\"div-row\">Den vzniku \u010dlenstv\u00ed: 16. b\u0159ezna 2023<\/div>\n<div class=\"div-row\">MIROSLAV BOH\u00c1\u010cEK<\/div>\n<div class=\"div-row\">Den vzniku \u010dlenstv\u00ed: 16. b\u0159ezna 2023<\/div>\n<div class=\"div-row\">Ing. KATE\u0158INA GERBRICHOV\u00c1<\/div>\n<div class=\"div-row\">Den vzniku \u010dlenstv\u00ed: 16. b\u0159ezna 2023<\/div>\n<div class=\"div-row\">STANISLAV \u0160INDELKA<\/div>\n<div class=\"div-row\">Den vzniku \u010dlenstv\u00ed: 16. b\u0159ezna 2023<\/div>\n<div class=\"div-row\">Bc. PAVEL HOU\u0160\u0164<\/div>\n<div class=\"div-row\">Den vzniku \u010dlenstv\u00ed: 16. b\u0159ezna 2023<\/div>\n<div>Jan \u0160on<\/div>\n<\/div>\n<\/div>\n<\/div>\n<div>Den vzniku \u010dlenstv\u00ed: 7. prosince 2023<\/div>\n<p><strong>Spole\u010dn\u00edci:<\/strong> 15<\/p>\n<ol>\n<li><a href=\"http:\/\/www.svakjihlavsko.cz\/\">Svaz vodovod\u016f a kanalizac\u00ed JIHLAVSKO<\/a>, I\u010c: 48460915, \u017di\u017ekova 1867\/93, 586 01 Jihlava<\/li>\n<li><a href=\"http:\/\/www.svazekivancice.cz\/\">Svazek vodovod\u016f a kanalizac\u00ed Ivan\u010dice<\/a>, I\u010c:&nbsp;49458892, Kounick\u00e1 \u010d.ev. 1598\/78, 664 91 Ivan\u010dice<\/li>\n<li><a href=\"https:\/\/www.vaktr.cz\/\">VODOVODY A KANALIZACE<\/a>, I\u010c:&nbsp;60418885, Kubi\u0161ova 1172\/11, Horka-Domky, 674 01 T\u0159eb\u00ed\u010d<\/li>\n<li><a href=\"https:\/\/www.obeckanice.eud.cz\/vodovody-a-kanalizace-bilovicko\/\">Vodovody a kanalizace B\u00edlovicko<\/a>, I\u010c:&nbsp;70835004, \u010d.p. 76, 664 01 Kanice<\/li>\n<li><a href=\"http:\/\/www.svkzdarsko.cz\/\">Svaz vodovod\u016f a kanalizac\u00ed \u017d\u010f\u00e1rsko<\/a>, I\u010c:&nbsp;43383513, Vod\u00e1rensk\u00e1 244\/2, \u017d\u010f\u00e1r nad S\u00e1zavou 4, 591 01 \u017d\u010f\u00e1r nad S\u00e1zavou<\/li>\n<li>,,<a href=\"https:\/\/www.svazek-boskovice.cz\/\">Svazek vodovod\u016f a kanalizac\u00ed\u201c<\/a> m\u011bst a obc\u00ed, I\u010c:&nbsp;49468952,&nbsp; 17. listopadu 138\/14, 680 01 Boskovice<\/li>\n<li><a href=\"http:\/\/www.svazekslapanicko.cz\/\">Svazek obc\u00ed pro vodovody a kanalizace \u0160lapanicko<\/a>, I\u010c:&nbsp;49458833, Masarykovo n\u00e1m\u011bst\u00ed 546\/9, 664 51 \u0160lapanice<\/li>\n<li><a href=\"http:\/\/www.svazvak-tisnov.cz\/\">Svazek vodovod\u016f a kanalizac\u00ed Ti\u0161novsko<\/a>, I\u010c:&nbsp;49457004, n\u00e1m. M\u00edru 111, 666 01 Ti\u0161nov<\/li>\n<li><a href=\"https:\/\/www.bohdalov.cz\/svaz-vodovodu-bohdalov?limitstart=0\">Svaz vodovod\u016f Bohdalov,<\/a> I\u010c:&nbsp;48894401, Bohdalov 250, PS\u010c 59213<\/li>\n<li><a href=\"http:\/\/www.vakzidlochovicko.cz\/\">Vodovody a kanalizace \u017didlochovicko<\/a>, I\u010c:&nbsp;49458841, Hru\u0161ovansk\u00e1 214, 667 01 Vojkovice<\/li>\n<li><a href=\"http:\/\/vakznojemsko.znojmo.cz\/\">Vodovody a kanalizace Znojemsko<\/a>, I\u010c:&nbsp;45671745, Kotkova 2518\/20, 669 02 Znojmo<\/li>\n<li><a href=\"https:\/\/okrisky.cz\/svazek-obci-zasobovani-vodou-se-sidlem-v-okriskach\/ds-27030\/archiv=0\">Z\u00e1sobov\u00e1n\u00ed vodou<\/a>, I\u010c:&nbsp;48526061, Jihlavsk\u00e1 1, 675 21 Ok\u0159\u00ed\u0161ky<\/li>\n<li><a href=\"https:\/\/www.velkeopatovice.cz\/\">M\u011bsto Velk\u00e9 Opatovice<\/a>, I\u010c:&nbsp;00281247, Z\u00e1mek 14, 679 63 Velk\u00e9 Opatovice<\/li>\n<li><a href=\"https:\/\/www.mestyssloup.cz\/m\/urad-2\/uredni-deska\/zaverecny-ucet-za-rok-2019-svazek-obci-sloupsosuvka-cov-a-kanalizace-544.html\">Svazek obc\u00ed Sloup, \u0160o\u0161\u016fvka \u2013 \u010cOV a kanalizace<\/a>, I\u010c:&nbsp;71160388, \u010d.p. 1, 679 13 Sloup<\/li>\n<li><a href=\"http:\/\/www.so-so.cz\/\">Sdru\u017een\u00ed obc\u00ed a svazk\u016f obc\u00ed, z.s.,<\/a> I\u010c:&nbsp;05315620, Sob\u011b\u0161ick\u00e1 820\/156, Lesn\u00e1, 638 00 Brno<\/li>\n<\/ol>\n<p>&nbsp;<\/p>\n","protected":false},"excerpt":{"rendered":"<p>Statut\u00e1rn\u00ed org\u00e1n: jednatel\u00e9 (po\u010det \u010dlen\u016f 6) IVO ROHOVSK\u00dd Den vzniku funkce: 19. \u010dervna 2003 Ing. JI\u0158\u00cd CRHA Den vzniku funkce: &hellip; <\/p>\n","protected":false},"author":2,"featured_media":0,"parent":25,"menu_order":1,"comment_status":"closed","ping_status":"closed","template":"","meta":{"ngg_post_thumbnail":0,"footnotes":""},"_links":{"self":[{"href":"https:\/\/www.svkmo.cz\/index.php\/wp-json\/wp\/v2\/pages\/379"}],"collection":[{"href":"https:\/\/www.svkmo.cz\/index.php\/wp-json\/wp\/v2\/pages"}],"about":[{"href":"https:\/\/www.svkmo.cz\/index.php\/wp-json\/wp\/v2\/types\/page"}],"author":[{"embeddable":true,"href":"https:\/\/www.svkmo.cz\/index.php\/wp-json\/wp\/v2\/users\/2"}],"replies":[{"embeddable":true,"href":"https:\/\/www.svkmo.cz\/index.php\/wp-json\/wp\/v2\/comments?post=379"}],"version-history":[{"count":18,"href":"https:\/\/www.svkmo.cz\/index.php\/wp-json\/wp\/v2\/pages\/379\/revisions"}],"predecessor-version":[{"id":712,"href":"https:\/\/www.svkmo.cz\/index.php\/wp-json\/wp\/v2\/pages\/379\/revisions\/712"}],"up":[{"embeddable":true,"href":"https:\/\/www.svkmo.cz\/index.php\/wp-json\/wp\/v2\/pages\/25"}],"wp:attachment":[{"href":"https:\/\/www.svkmo.cz\/index.php\/wp-json\/wp\/v2\/media?parent=379"}],"curies":[{"name":"wp","href":"https:\/\/api.w.org\/{rel}","templated":true}]}}