{"id":354,"date":"2020-08-27T10:47:10","date_gmt":"2020-08-27T08:47:10","guid":{"rendered":"https:\/\/www.svkmo.cz\/?page_id=354"},"modified":"2025-11-19T12:41:53","modified_gmt":"2025-11-19T11:41:53","slug":"dokumenty","status":"publish","type":"page","link":"https:\/\/www.svkmo.cz\/index.php\/o-spolecnosti\/dokumenty\/","title":{"rendered":"Dokumenty"},"content":{"rendered":"<p><a href=\"https:\/\/www.svkmo.cz\/wp-admin\/upload.php?item=749\">Z\u00e1pis z valn\u00e9 hromady SVKMO ze dne 29. 5. 2025<\/a><\/p>\n<p><a href=\"https:\/\/www.svkmo.cz\/wp-admin\/upload.php?item=743\">Z\u00e1pis z valn\u00e9 hromady SVKMO ze dne 5. 12. 2024<\/a><\/p>\n<p><a href=\"https:\/\/www.svkmo.cz\/wp-admin\/upload.php?item=734\">Z\u00e1pis z valn\u00e9 hromady SVKMO ze dne 30. 5. 2024<\/a><\/p>\n<p><a href=\"https:\/\/www.svkmo.cz\/wp-content\/uploads\/2023\/12\/ZAPIS-VH-SVKMO-20231207.pdf\">Z\u00e1pis z valn\u00e9 hromady SVKMO ze dne 7. 12. 2023<\/a><\/p>\n<p><a href=\"https:\/\/www.svkmo.cz\/wp-content\/uploads\/2023\/05\/ZAPIS-VH-SVKMO-25.5.2023.pdf\">Z\u00e1pis z valn\u00e9 hromady SVKMO ze dne 25.5.2023<\/a><\/p>\n<p><a href=\"https:\/\/or.justice.cz\/ias\/ui\/rejstrik-firma.vysledky?subjektId=40141&amp;typ=PLATNY\">V\u00fdpis z obchodn\u00edho rejst\u0159\u00edku<\/a><\/p>\n<p><a href=\"https:\/\/www.svkmo.cz\/wp-content\/uploads\/2023\/03\/Zapis_VH_SVKMO.pdf\">Z\u00e1pis z valn\u00e9 hromady SVKMO ze dne 16. 3. 2023<\/a><\/p>\n<p><a href=\"https:\/\/www.svkmo.cz\/wp-content\/uploads\/2023\/03\/Stejnopis-NZ-219-2023.pdf\">Not\u00e1\u0159sk\u00fd z\u00e1pis VH SVKMO ze dne 16. 3. 2023<\/a><\/p>\n<p><a href=\"https:\/\/www.svkmo.cz\/wp-content\/uploads\/2023\/03\/Stejnopis-NZ-210-2023.pdf\">Not\u00e1\u0159sk\u00fd z\u00e1pis Rozhodnut\u00ed jedin\u00e9ho akcion\u00e1\u0159e ze dne 16. 3. 2023<\/a><\/p>\n<p><a href=\"https:\/\/www.svkmo.cz\/wp-content\/uploads\/2022\/12\/985-2022-stejnopis.pdf\">Not\u00e1\u0159sk\u00fd z\u00e1pis z VH ze dne 8. 12. 2022<\/a><\/p>\n<p><a href=\"https:\/\/www.svkmo.cz\/wp-content\/uploads\/2022\/12\/ZAPIS-VH-SVKMO-8.12.2022.pdf\">Z\u00e1pis z valn\u00e9 hromady ze dne 8. 12. 2022<\/a><\/p>\n<p><a href=\"https:\/\/www.svkmo.cz\/wp-content\/uploads\/2022\/05\/ZAPIS-VH-SVKMO-26.5.2022.pdf\">Z\u00e1pis z valn\u00e9 hromady ze dne 26. 5. 2022<\/a><\/p>\n<p><a href=\"https:\/\/www.svkmo.cz\/wp-content\/uploads\/2021\/06\/ZAPIS-VH-SVKMO-27.5.2021.pdf\">Z\u00e1pis z valn\u00e9 hromady ze dne 27. 5. 2021<\/a><\/p>\n<p><a href=\"https:\/\/www.svkmo.cz\/wp-content\/uploads\/2020\/08\/Z\u00e1pis-VH-SVKMO-20200625.pdf\">Z\u00e1pis z valn\u00e9 hromady ze dne 25. 6. 2020<\/a><\/p>\n<p><a href=\"https:\/\/www.svkmo.cz\/wp-content\/uploads\/2019\/07\/Spole\u010densk\u00e1-smlouva-SVKMO-s.r.o._20190326.pdf\">Spole\u010densk\u00e1 smlouva SVKMO s.r.o._20190326<\/a><\/p>\n<p>&nbsp;<\/p>\n","protected":false},"excerpt":{"rendered":"<p>Z\u00e1pis z valn\u00e9 hromady SVKMO ze dne 29. 5. 2025 Z\u00e1pis z valn\u00e9 hromady SVKMO ze dne 5. 12. 2024 &hellip; <\/p>\n","protected":false},"author":2,"featured_media":552,"parent":25,"menu_order":2,"comment_status":"closed","ping_status":"closed","template":"","meta":{"ngg_post_thumbnail":0,"footnotes":""},"_links":{"self":[{"href":"https:\/\/www.svkmo.cz\/index.php\/wp-json\/wp\/v2\/pages\/354"}],"collection":[{"href":"https:\/\/www.svkmo.cz\/index.php\/wp-json\/wp\/v2\/pages"}],"about":[{"href":"https:\/\/www.svkmo.cz\/index.php\/wp-json\/wp\/v2\/types\/page"}],"author":[{"embeddable":true,"href":"https:\/\/www.svkmo.cz\/index.php\/wp-json\/wp\/v2\/users\/2"}],"replies":[{"embeddable":true,"href":"https:\/\/www.svkmo.cz\/index.php\/wp-json\/wp\/v2\/comments?post=354"}],"version-history":[{"count":14,"href":"https:\/\/www.svkmo.cz\/index.php\/wp-json\/wp\/v2\/pages\/354\/revisions"}],"predecessor-version":[{"id":754,"href":"https:\/\/www.svkmo.cz\/index.php\/wp-json\/wp\/v2\/pages\/354\/revisions\/754"}],"up":[{"embeddable":true,"href":"https:\/\/www.svkmo.cz\/index.php\/wp-json\/wp\/v2\/pages\/25"}],"wp:featuredmedia":[{"embeddable":true,"href":"https:\/\/www.svkmo.cz\/index.php\/wp-json\/wp\/v2\/media\/552"}],"wp:attachment":[{"href":"https:\/\/www.svkmo.cz\/index.php\/wp-json\/wp\/v2\/media?parent=354"}],"curies":[{"name":"wp","href":"https:\/\/api.w.org\/{rel}","templated":true}]}}