{"id":14,"date":"2019-02-22T09:25:09","date_gmt":"2019-02-22T08:25:09","guid":{"rendered":"http:\/\/svkmo.s0.net-wings.cz\/?page_id=14"},"modified":"2022-05-31T11:40:14","modified_gmt":"2022-05-31T09:40:14","slug":"uvodni-slovo","status":"publish","type":"page","link":"https:\/\/www.svkmo.cz\/","title":{"rendered":"\u00davodem"},"content":{"rendered":"\r\n\r\n\r\n<p><img decoding=\"async\" loading=\"lazy\" class=\" wp-image-487 aligncenter\" src=\"https:\/\/www.svkmo.cz\/wp-content\/uploads\/2020\/10\/Sobesicka-156-1-300x169.jpeg\" alt=\"\" width=\"393\" height=\"221\" srcset=\"https:\/\/www.svkmo.cz\/wp-content\/uploads\/2020\/10\/Sobesicka-156-1-300x169.jpeg 300w, https:\/\/www.svkmo.cz\/wp-content\/uploads\/2020\/10\/Sobesicka-156-1-355x199.jpeg 355w, https:\/\/www.svkmo.cz\/wp-content\/uploads\/2020\/10\/Sobesicka-156-1.jpeg 400w\" sizes=\"(max-width: 393px) 100vw, 393px\" \/><\/p>\r\n<p style=\"text-align: center;\">Svaz VKMO s.r.o. byl zalo\u017een v roce 1999. Jej\u00edmi zakl\u00e1daj\u00edc\u00edmi spole\u010dn\u00edky se staly v\u00fdhradn\u011b svazky m\u011bst a obc\u00ed. SVKMO je od 21. 12. 2012 jedin\u00fdm akcion\u00e1\u0159em spole\u010dnosti VAS, a.s., funkci akcion\u00e1\u0159e vykon\u00e1v\u00e1 tak, aby byly vytv\u00e1\u0159eny podm\u00ednky pro obnovu a rozvoj vodohospod\u00e1\u0159sk\u00e9 infrastruktury a sou\u010dasn\u011b bylo dosahov\u00e1no optimalizovan\u00fdch provozn\u00edch n\u00e1klad\u016f. &nbsp;<\/p>\r\n<p style=\"text-align: center;\"><a href=\"https:\/\/www.svkmo.cz\/index.php\/o-spolecnosti\/\" target=\"_blank\" rel=\"noopener noreferrer\">V\u00edce informac\u00ed o spole\u010dnosti<\/a><\/p>\r\n\r\n\r\n\r\n\r\n\r\n<p><img decoding=\"async\" loading=\"lazy\" class=\"aligncenter wp-image-22 size-full\" src=\"http:\/\/svkmo.s0.net-wings.cz\/wp-content\/uploads\/2019\/02\/opzp_eu.png\" alt=\"\" width=\"620\" height=\"66\" srcset=\"https:\/\/www.svkmo.cz\/wp-content\/uploads\/2019\/02\/opzp_eu.png 620w, https:\/\/www.svkmo.cz\/wp-content\/uploads\/2019\/02\/opzp_eu-300x32.png 300w\" sizes=\"(max-width: 620px) 100vw, 620px\" \/><\/p>","protected":false},"excerpt":{"rendered":"<p>Svaz VKMO s.r.o. byl zalo\u017een v roce 1999. Jej\u00edmi zakl\u00e1daj\u00edc\u00edmi spole\u010dn\u00edky se staly v\u00fdhradn\u011b svazky m\u011bst a obc\u00ed. SVKMO je &hellip; <\/p>\n","protected":false},"author":1,"featured_media":0,"parent":0,"menu_order":0,"comment_status":"closed","ping_status":"closed","template":"","meta":{"ngg_post_thumbnail":0,"footnotes":""},"_links":{"self":[{"href":"https:\/\/www.svkmo.cz\/index.php\/wp-json\/wp\/v2\/pages\/14"}],"collection":[{"href":"https:\/\/www.svkmo.cz\/index.php\/wp-json\/wp\/v2\/pages"}],"about":[{"href":"https:\/\/www.svkmo.cz\/index.php\/wp-json\/wp\/v2\/types\/page"}],"author":[{"embeddable":true,"href":"https:\/\/www.svkmo.cz\/index.php\/wp-json\/wp\/v2\/users\/1"}],"replies":[{"embeddable":true,"href":"https:\/\/www.svkmo.cz\/index.php\/wp-json\/wp\/v2\/comments?post=14"}],"version-history":[{"count":21,"href":"https:\/\/www.svkmo.cz\/index.php\/wp-json\/wp\/v2\/pages\/14\/revisions"}],"predecessor-version":[{"id":619,"href":"https:\/\/www.svkmo.cz\/index.php\/wp-json\/wp\/v2\/pages\/14\/revisions\/619"}],"wp:attachment":[{"href":"https:\/\/www.svkmo.cz\/index.php\/wp-json\/wp\/v2\/media?parent=14"}],"curies":[{"name":"wp","href":"https:\/\/api.w.org\/{rel}","templated":true}]}}